{"id":3008,"date":"2025-07-14T17:16:00","date_gmt":"2025-07-14T17:16:00","guid":{"rendered":"https:\/\/equiproject.eu\/?page_id=3008"},"modified":"2025-07-15T12:00:03","modified_gmt":"2025-07-15T12:00:03","slug":"simona-massera-caudera","status":"publish","type":"page","link":"https:\/\/equiproject.eu\/index.php\/simona-massera-caudera\/","title":{"rendered":"Simona Massera Caudera"},"content":{"rendered":"<div class=\"fusion-fullwidth fullwidth-box fusion-builder-row-1 fusion-flex-container has-pattern-background has-mask-background nonhundred-percent-fullwidth non-hundred-percent-height-scrolling\" style=\"--awb-border-radius-top-left:0px;--awb-border-radius-top-right:0px;--awb-border-radius-bottom-right:0px;--awb-border-radius-bottom-left:0px;--awb-padding-top-small:40px;--awb-padding-bottom-small:50px;--awb-margin-top:80px;--awb-flex-wrap:wrap;\" ><div class=\"fusion-builder-row fusion-row fusion-flex-align-items-flex-start fusion-flex-justify-content-center fusion-flex-content-wrap\" style=\"max-width:1372.8px;margin-left: calc(-4% \/ 2 );margin-right: calc(-4% \/ 2 );\"><div class=\"fusion-layout-column fusion_builder_column fusion-builder-column-0 fusion_builder_column_2_5 2_5 fusion-flex-column fusion-animated\" style=\"--awb-bg-size:cover;--awb-box-shadow:16px 32px 40px -8px hsla(var(--awb-color8-h),var(--awb-color8-s),var(--awb-color8-l),calc( var(--awb-color8-a) - 84% ));;--awb-width-large:40%;--awb-margin-top-large:20px;--awb-spacing-right-large:9.6%;--awb-margin-bottom-large:20px;--awb-spacing-left-large:4.8%;--awb-width-medium:40%;--awb-order-medium:0;--awb-spacing-right-medium:9.6%;--awb-spacing-left-medium:4.8%;--awb-width-small:100%;--awb-order-small:0;--awb-spacing-right-small:1.92%;--awb-margin-bottom-small:20px;--awb-spacing-left-small:1.92%;\" data-animationType=\"fadeInLeft\" data-animationDuration=\"1.6\" data-animationOffset=\"top-into-view\"><div class=\"fusion-column-wrapper fusion-column-has-shadow fusion-flex-justify-content-center fusion-content-layout-column\"><div class=\"fusion-image-element \" style=\"--awb-caption-title-font-family:var(--h2_typography-font-family);--awb-caption-title-font-weight:var(--h2_typography-font-weight);--awb-caption-title-font-style:var(--h2_typography-font-style);--awb-caption-title-size:var(--h2_typography-font-size);--awb-caption-title-transform:var(--h2_typography-text-transform);--awb-caption-title-line-height:var(--h2_typography-line-height);--awb-caption-title-letter-spacing:var(--h2_typography-letter-spacing);\"><span class=\" fusion-imageframe imageframe-none imageframe-1 hover-type-none\" style=\"border-radius:8px;\"><img decoding=\"async\" width=\"1216\" height=\"1182\" title=\"SIMONA-MASSERA-CAUDERA\" src=\"https:\/\/equiproject.eu\/wp-content\/uploads\/2025\/07\/SIMONA-MASSERA-CAUDERA.jpg\" data-orig-src=\"https:\/\/equiproject.eu\/wp-content\/uploads\/2025\/07\/SIMONA-MASSERA-CAUDERA.jpg\" alt class=\"lazyload img-responsive wp-image-2984\" srcset=\"data:image\/svg+xml,%3Csvg%20xmlns%3D%27http%3A%2F%2Fwww.w3.org%2F2000%2Fsvg%27%20width%3D%271216%27%20height%3D%271182%27%20viewBox%3D%270%200%201216%201182%27%3E%3Crect%20width%3D%271216%27%20height%3D%271182%27%20fill-opacity%3D%220%22%2F%3E%3C%2Fsvg%3E\" data-srcset=\"https:\/\/equiproject.eu\/wp-content\/uploads\/2025\/07\/SIMONA-MASSERA-CAUDERA-200x194.jpg 200w, https:\/\/equiproject.eu\/wp-content\/uploads\/2025\/07\/SIMONA-MASSERA-CAUDERA-400x389.jpg 400w, https:\/\/equiproject.eu\/wp-content\/uploads\/2025\/07\/SIMONA-MASSERA-CAUDERA-600x583.jpg 600w, https:\/\/equiproject.eu\/wp-content\/uploads\/2025\/07\/SIMONA-MASSERA-CAUDERA-800x778.jpg 800w, https:\/\/equiproject.eu\/wp-content\/uploads\/2025\/07\/SIMONA-MASSERA-CAUDERA-1200x1166.jpg 1200w, https:\/\/equiproject.eu\/wp-content\/uploads\/2025\/07\/SIMONA-MASSERA-CAUDERA.jpg 1216w\" data-sizes=\"auto\" data-orig-sizes=\"(max-width: 640px) 100vw, 600px\" \/><\/span><\/div><div class=\"awb-gallery-wrapper awb-gallery-wrapper-1 button-span-no\" style=\"--more-btn-alignment:center;margin-top:50px;\"><div style=\"margin:-5px;--awb-bordersize:0px;\" class=\"fusion-gallery fusion-gallery-container fusion-grid-3 fusion-columns-total-4 fusion-gallery-layout-grid fusion-gallery-1\"><div style=\"padding:5px;\" class=\"fusion-grid-column fusion-gallery-column fusion-gallery-column-3 hover-type-none\"><div class=\"fusion-gallery-image\"><a href=\"https:\/\/equiproject.eu\/wp-content\/uploads\/2025\/07\/9e917408-8e8f-4c86-9e19-c2741f6a2d45.jpg\" rel=\"noreferrer\" data-rel=\"iLightbox[gallery_image_1]\" class=\"fusion-lightbox\" target=\"_self\"><img decoding=\"async\" src=\"https:\/\/equiproject.eu\/wp-content\/uploads\/2025\/07\/9e917408-8e8f-4c86-9e19-c2741f6a2d45.jpg\" data-orig-src=\"https:\/\/equiproject.eu\/wp-content\/uploads\/2025\/07\/9e917408-8e8f-4c86-9e19-c2741f6a2d45.jpg\" width=\"1333\" height=\"1000\" alt=\"\" title=\"9e917408-8e8f-4c86-9e19-c2741f6a2d45\" aria-label=\"9e917408-8e8f-4c86-9e19-c2741f6a2d45\" class=\"lazyload img-responsive wp-image-3029\" srcset=\"data:image\/svg+xml,%3Csvg%20xmlns%3D%27http%3A%2F%2Fwww.w3.org%2F2000%2Fsvg%27%20width%3D%271333%27%20height%3D%271000%27%20viewBox%3D%270%200%201333%201000%27%3E%3Crect%20width%3D%271333%27%20height%3D%271000%27%20fill-opacity%3D%220%22%2F%3E%3C%2Fsvg%3E\" data-srcset=\"https:\/\/equiproject.eu\/wp-content\/uploads\/2025\/07\/9e917408-8e8f-4c86-9e19-c2741f6a2d45-200x150.jpg 200w, https:\/\/equiproject.eu\/wp-content\/uploads\/2025\/07\/9e917408-8e8f-4c86-9e19-c2741f6a2d45-400x300.jpg 400w, https:\/\/equiproject.eu\/wp-content\/uploads\/2025\/07\/9e917408-8e8f-4c86-9e19-c2741f6a2d45-600x450.jpg 600w, https:\/\/equiproject.eu\/wp-content\/uploads\/2025\/07\/9e917408-8e8f-4c86-9e19-c2741f6a2d45-800x600.jpg 800w, https:\/\/equiproject.eu\/wp-content\/uploads\/2025\/07\/9e917408-8e8f-4c86-9e19-c2741f6a2d45-1200x900.jpg 1200w, https:\/\/equiproject.eu\/wp-content\/uploads\/2025\/07\/9e917408-8e8f-4c86-9e19-c2741f6a2d45.jpg 1333w\" data-sizes=\"auto\" data-orig-sizes=\"(min-width: 2200px) 100vw, (min-width: 794px) 437px, (min-width: 717px) 655px, (min-width: 640px) 717px, \" \/><\/a><\/div><\/div><div style=\"padding:5px;\" class=\"fusion-grid-column fusion-gallery-column fusion-gallery-column-3 hover-type-none\"><div class=\"fusion-gallery-image\"><a href=\"https:\/\/equiproject.eu\/wp-content\/uploads\/2025\/07\/IMG_1640-2.jpg\" rel=\"noreferrer\" data-rel=\"iLightbox[gallery_image_1]\" class=\"fusion-lightbox\" target=\"_self\"><img decoding=\"async\" src=\"https:\/\/equiproject.eu\/wp-content\/uploads\/2025\/07\/IMG_1640-2.jpg\" data-orig-src=\"https:\/\/equiproject.eu\/wp-content\/uploads\/2025\/07\/IMG_1640-2.jpg\" width=\"1777\" height=\"1000\" alt=\"\" title=\"IMG_1640 2\" aria-label=\"IMG_1640 2\" class=\"lazyload img-responsive wp-image-3030\" srcset=\"data:image\/svg+xml,%3Csvg%20xmlns%3D%27http%3A%2F%2Fwww.w3.org%2F2000%2Fsvg%27%20width%3D%271777%27%20height%3D%271000%27%20viewBox%3D%270%200%201777%201000%27%3E%3Crect%20width%3D%271777%27%20height%3D%271000%27%20fill-opacity%3D%220%22%2F%3E%3C%2Fsvg%3E\" data-srcset=\"https:\/\/equiproject.eu\/wp-content\/uploads\/2025\/07\/IMG_1640-2-200x113.jpg 200w, https:\/\/equiproject.eu\/wp-content\/uploads\/2025\/07\/IMG_1640-2-400x225.jpg 400w, https:\/\/equiproject.eu\/wp-content\/uploads\/2025\/07\/IMG_1640-2-600x338.jpg 600w, https:\/\/equiproject.eu\/wp-content\/uploads\/2025\/07\/IMG_1640-2-800x450.jpg 800w, https:\/\/equiproject.eu\/wp-content\/uploads\/2025\/07\/IMG_1640-2-1200x675.jpg 1200w, https:\/\/equiproject.eu\/wp-content\/uploads\/2025\/07\/IMG_1640-2.jpg 1777w\" data-sizes=\"auto\" data-orig-sizes=\"(min-width: 2200px) 100vw, (min-width: 794px) 437px, (min-width: 717px) 655px, (min-width: 640px) 717px, \" \/><\/a><\/div><\/div><div style=\"padding:5px;\" class=\"fusion-grid-column fusion-gallery-column fusion-gallery-column-3 hover-type-none\"><div class=\"fusion-gallery-image\"><a href=\"https:\/\/equiproject.eu\/wp-content\/uploads\/2025\/07\/IMG_4961.jpg\" rel=\"noreferrer\" data-rel=\"iLightbox[gallery_image_1]\" class=\"fusion-lightbox\" target=\"_self\"><img decoding=\"async\" src=\"https:\/\/equiproject.eu\/wp-content\/uploads\/2025\/07\/IMG_4961.jpg\" data-orig-src=\"https:\/\/equiproject.eu\/wp-content\/uploads\/2025\/07\/IMG_4961.jpg\" width=\"1333\" height=\"1000\" alt=\"\" title=\"IMG_4961\" aria-label=\"IMG_4961\" class=\"lazyload img-responsive wp-image-3031\" srcset=\"data:image\/svg+xml,%3Csvg%20xmlns%3D%27http%3A%2F%2Fwww.w3.org%2F2000%2Fsvg%27%20width%3D%271333%27%20height%3D%271000%27%20viewBox%3D%270%200%201333%201000%27%3E%3Crect%20width%3D%271333%27%20height%3D%271000%27%20fill-opacity%3D%220%22%2F%3E%3C%2Fsvg%3E\" data-srcset=\"https:\/\/equiproject.eu\/wp-content\/uploads\/2025\/07\/IMG_4961-200x150.jpg 200w, https:\/\/equiproject.eu\/wp-content\/uploads\/2025\/07\/IMG_4961-400x300.jpg 400w, https:\/\/equiproject.eu\/wp-content\/uploads\/2025\/07\/IMG_4961-600x450.jpg 600w, https:\/\/equiproject.eu\/wp-content\/uploads\/2025\/07\/IMG_4961-800x600.jpg 800w, https:\/\/equiproject.eu\/wp-content\/uploads\/2025\/07\/IMG_4961-1200x900.jpg 1200w, https:\/\/equiproject.eu\/wp-content\/uploads\/2025\/07\/IMG_4961.jpg 1333w\" data-sizes=\"auto\" data-orig-sizes=\"(min-width: 2200px) 100vw, (min-width: 794px) 437px, (min-width: 717px) 655px, (min-width: 640px) 717px, \" \/><\/a><\/div><\/div><div class=\"clearfix\"><\/div><div style=\"padding:5px;\" class=\"fusion-grid-column fusion-gallery-column fusion-gallery-column-3 hover-type-none\"><div class=\"fusion-gallery-image\"><a href=\"https:\/\/equiproject.eu\/wp-content\/uploads\/2025\/07\/IMG_5186.jpg\" rel=\"noreferrer\" data-rel=\"iLightbox[gallery_image_1]\" class=\"fusion-lightbox\" target=\"_self\"><img decoding=\"async\" src=\"https:\/\/equiproject.eu\/wp-content\/uploads\/2025\/07\/IMG_5186.jpg\" data-orig-src=\"https:\/\/equiproject.eu\/wp-content\/uploads\/2025\/07\/IMG_5186.jpg\" width=\"791\" height=\"1000\" alt=\"\" title=\"IMG_5186\" aria-label=\"IMG_5186\" class=\"lazyload img-responsive wp-image-3032\" srcset=\"data:image\/svg+xml,%3Csvg%20xmlns%3D%27http%3A%2F%2Fwww.w3.org%2F2000%2Fsvg%27%20width%3D%27791%27%20height%3D%271000%27%20viewBox%3D%270%200%20791%201000%27%3E%3Crect%20width%3D%27791%27%20height%3D%271000%27%20fill-opacity%3D%220%22%2F%3E%3C%2Fsvg%3E\" data-srcset=\"https:\/\/equiproject.eu\/wp-content\/uploads\/2025\/07\/IMG_5186-200x253.jpg 200w, https:\/\/equiproject.eu\/wp-content\/uploads\/2025\/07\/IMG_5186-400x506.jpg 400w, https:\/\/equiproject.eu\/wp-content\/uploads\/2025\/07\/IMG_5186-600x759.jpg 600w, https:\/\/equiproject.eu\/wp-content\/uploads\/2025\/07\/IMG_5186.jpg 791w\" data-sizes=\"auto\" data-orig-sizes=\"(min-width: 2200px) 100vw, (min-width: 794px) 437px, (min-width: 717px) 655px, (min-width: 640px) 717px, \" \/><\/a><\/div><\/div><\/div><\/div><\/div><\/div><div class=\"fusion-layout-column fusion_builder_column fusion-builder-column-1 fusion_builder_column_1_2 1_2 fusion-flex-column fusion-animated\" style=\"--awb-bg-size:cover;--awb-width-large:50%;--awb-margin-top-large:20px;--awb-spacing-right-large:11.52%;--awb-margin-bottom-large:20px;--awb-spacing-left-large:11.52%;--awb-width-medium:50%;--awb-spacing-right-medium:30px;--awb-spacing-left-medium:30px;--awb-width-small:100%;--awb-spacing-right-small:1.92%;--awb-margin-bottom-small:10px;--awb-spacing-left-small:1.92%;\" data-animationType=\"fadeInRight\" data-animationDuration=\"1.6\" data-animationOffset=\"top-into-view\"><div class=\"fusion-column-wrapper fusion-column-has-shadow fusion-flex-justify-content-flex-start fusion-content-layout-column\"><div class=\"fusion-title title fusion-title-1 fusion-sep-none fusion-title-text fusion-title-size-three\" style=\"--awb-margin-bottom:4px;--awb-margin-top-small:4px;--awb-margin-bottom-small:4px;--awb-margin-top-medium:4px;--awb-margin-bottom-medium:4px;\"><h3 class=\"fusion-title-heading title-heading-left fusion-responsive-typography-calculated\" style=\"margin:0;--fontSize:32;line-height:1.26;\">Simona Massera Caudera<\/h3><\/div><div class=\"fusion-text fusion-text-1\" style=\"--awb-font-size:20px;\"><p>Project manager, consulente in Diritti Umani, cooperazione internazionale, progettazione culturale ed educazione inclusiva.<\/p>\n<\/div><div class=\"fusion-text fusion-text-2\"><p>Con una formazione accademica solida e diversificata, che spazia da una laurea in Giurisprudenza a una in Letteratura, Filologia e Linguistica Italiana, ho consolidato la mia esperienza nel campo della cooperazione internazionale allo sviluppo grazie a un master in Cooperazione Internazionale. Questi studi mi hanno fornito una prospettiva ampia e interdisciplinare, fondamentale per comprendere le complessit\u00e0 socio-culturali ed economiche con cui mi confronto quotidianamente.<\/p>\n<p>La mia carriera \u00e8 caratterizzata da un forte impegno nella promozione dei\u00a0<strong>Diritti Umani<\/strong>, maturato attraverso diversi anni di lavoro sul campo come\u00a0<strong>Project Manager<\/strong>\u00a0in America Latina, con particolare esperienza in Guatemala, Argentina e Brasile. In questi ambiti, ho supervisionato team multidisciplinari e risorse umane, gestito budget e redatto report tecnico-finanziari destinati a enti finanziatori internazionali, tra cui l\u2019Unione Europea, focalizzandomi su progetti volti a contrastare le disuguaglianze socio-economiche e a promuovere una cultura di pace e inclusione. Il mio lavoro ha avuto un forte impatto nella\u00a0<strong>formazione di leader comunitari<\/strong>, nella promozione dell&#8217;<strong>empowerment femminile<\/strong>\u00a0e nel rafforzamento delle comunit\u00e0 locali, valori che riflettono la missione di Equiproject.<\/p>\n<p>In ambito nazionale, ho collaborato come progettista con numerose realt\u00e0 del terzo settore, dalle ONG alle associazioni di volontariato, partecipando a bandi regionali ed europei, tra cui Erasmus, sui temi\u00a0<strong>giovani, disabilit\u00e0 e cultura<\/strong>.<\/p>\n<p>In questi ambiti, ho maturato una significativa esperienza nella gestione delle relazioni istituzionali e nel coordinamento di partenariati intersettoriali in contesti internazionali; nella rappresentanza di organizzazioni in contesti ufficiali; e nella promozione di eventi pubblici di alto profilo, favorendo il dialogo tra organizzazioni, istituzioni e stakeholder.<\/p>\n<p>La mia passione per l\u2019inclusione culturale mi ha portata a cofondare <strong>l\u2019associazione culturale &#8220;i 313&#8221;,<\/strong> con l\u2019obiettivo di promuovere l\u2019integrazione attraverso il cinema in Piemonte. Qui ho avuto l\u2019opportunit\u00e0 di gestire progetti culturali finanziati dalla Regione, evidenziando la mia capacit\u00e0 di coniugare creativit\u00e0 e rigore organizzativo.<\/p>\n<p>La mia esperienza si estende anche <strong>al settore educativo<\/strong>, dove ho progettato e gestito interventi formativi nelle scuole superiori di Torino, promuovendo l\u2019educazione ai diritti, l\u2019inclusione e il teatro come strumenti di crescita per le nuove generazioni. Ho insegnato Lettere per diversi anni, trasmettendo ai giovani la passione per la cultura e la consapevolezza del loro ruolo come agenti di cambiamento. Sono esperta in didattica inclusiva.<\/p>\n<p>Posseggo eccellenti <strong>capacit\u00e0 comunicative<\/strong>, <strong>in particolare nella scrittura<\/strong>. Ho ricevuto riconoscimenti in concorsi di narrativa nazionali e sono autrice di un romanzo per ragazzi incentrato sui temi della disabilit\u00e0 e del bullismo, che riflette il mio impegno nella promozione di una cultura dell\u2019inclusione e nella sensibilizzazione delle nuove generazioni attraverso strumenti narrativi efficaci.<\/p>\n<p>Il mio impegno per il cambiamento sociale va oltre il contesto educativo. Ho <strong>collaborato con il Consiglio Regionale del Piemonte come assistente a Mariacristina Spinosa<\/strong> nel ruolo di consigliere regionale.<\/p>\n<p>Come project manager mi occupo di redazione, gestione e valutazione di progetti culturali, sui diritti umani, sui diritti delle donne, sulla disabilit\u00e0, sulla sostenibilit\u00e0 e sul turismo.<\/p>\n<p>Il mio percorso professionale e personale \u00e8 guidato da un profondo impegno verso la costruzione di un mondo pi\u00f9 giusto, equo e sostenibile, in perfetta sintonia con la visione di Equiproject.<\/p>\n<\/div><ul style=\"--awb-line-height:34px;--awb-icon-width:34px;--awb-icon-height:34px;--awb-icon-margin:14px;--awb-content-margin:48px;--awb-circlecolor:var(--awb-color5);--awb-circle-yes-font-size:17.6px;\" class=\"fusion-checklist fusion-checklist-1 fusion-checklist-default type-icons\"><li class=\"fusion-li-item\" style=\"\"><span class=\"icon-wrapper circle-yes\"><i class=\"fusion-li-icon fa-envelope fas\" aria-hidden=\"true\"><\/i><\/span><div class=\"fusion-li-item-content\">\n<p><a href=\"mailto:s.massera@equiproject.eu\">s.massera@equiproject.eu<\/a><\/p>\n<\/div><\/li><\/ul><\/div><\/div><\/div><\/div>\n","protected":false},"excerpt":{"rendered":"","protected":false},"author":2,"featured_media":0,"parent":0,"menu_order":0,"comment_status":"closed","ping_status":"closed","template":"100-width.php","meta":{"footnotes":""},"class_list":["post-3008","page","type-page","status-publish","hentry"],"yoast_head":"<!-- This site is optimized with the Yoast SEO plugin v26.8 - https:\/\/yoast.com\/product\/yoast-seo-wordpress\/ -->\n<title>Simona Massera Caudera - Equiproject<\/title>\n<meta name=\"robots\" content=\"index, follow, max-snippet:-1, max-image-preview:large, max-video-preview:-1\" \/>\n<link rel=\"canonical\" href=\"https:\/\/equiproject.eu\/index.php\/simona-massera-caudera\/\" \/>\n<meta property=\"og:locale\" content=\"it_IT\" \/>\n<meta property=\"og:type\" content=\"article\" \/>\n<meta property=\"og:title\" content=\"Simona Massera Caudera - Equiproject\" \/>\n<meta property=\"og:url\" content=\"https:\/\/equiproject.eu\/index.php\/simona-massera-caudera\/\" \/>\n<meta property=\"og:site_name\" content=\"Equiproject\" \/>\n<meta property=\"article:modified_time\" content=\"2025-07-15T12:00:03+00:00\" \/>\n<meta name=\"twitter:card\" content=\"summary_large_image\" \/>\n<meta name=\"twitter:label1\" content=\"Tempo di lettura stimato\" \/>\n\t<meta name=\"twitter:data1\" content=\"13 minuti\" \/>\n<script type=\"application\/ld+json\" class=\"yoast-schema-graph\">{\"@context\":\"https:\/\/schema.org\",\"@graph\":[{\"@type\":\"WebPage\",\"@id\":\"https:\/\/equiproject.eu\/index.php\/simona-massera-caudera\/\",\"url\":\"https:\/\/equiproject.eu\/index.php\/simona-massera-caudera\/\",\"name\":\"Simona Massera Caudera - Equiproject\",\"isPartOf\":{\"@id\":\"https:\/\/equiproject.eu\/#website\"},\"datePublished\":\"2025-07-14T17:16:00+00:00\",\"dateModified\":\"2025-07-15T12:00:03+00:00\",\"breadcrumb\":{\"@id\":\"https:\/\/equiproject.eu\/index.php\/simona-massera-caudera\/#breadcrumb\"},\"inLanguage\":\"it-IT\",\"potentialAction\":[{\"@type\":\"ReadAction\",\"target\":[\"https:\/\/equiproject.eu\/index.php\/simona-massera-caudera\/\"]}]},{\"@type\":\"BreadcrumbList\",\"@id\":\"https:\/\/equiproject.eu\/index.php\/simona-massera-caudera\/#breadcrumb\",\"itemListElement\":[{\"@type\":\"ListItem\",\"position\":1,\"name\":\"Home\",\"item\":\"https:\/\/equiproject.eu\/\"},{\"@type\":\"ListItem\",\"position\":2,\"name\":\"Simona Massera Caudera\"}]},{\"@type\":\"WebSite\",\"@id\":\"https:\/\/equiproject.eu\/#website\",\"url\":\"https:\/\/equiproject.eu\/\",\"name\":\"Equiproject\",\"description\":\"Un futuro sostenibile, equo e inclusivo\",\"publisher\":{\"@id\":\"https:\/\/equiproject.eu\/#organization\"},\"potentialAction\":[{\"@type\":\"SearchAction\",\"target\":{\"@type\":\"EntryPoint\",\"urlTemplate\":\"https:\/\/equiproject.eu\/?s={search_term_string}\"},\"query-input\":{\"@type\":\"PropertyValueSpecification\",\"valueRequired\":true,\"valueName\":\"search_term_string\"}}],\"inLanguage\":\"it-IT\"},{\"@type\":\"Organization\",\"@id\":\"https:\/\/equiproject.eu\/#organization\",\"name\":\"Equiproject\",\"url\":\"https:\/\/equiproject.eu\/\",\"logo\":{\"@type\":\"ImageObject\",\"inLanguage\":\"it-IT\",\"@id\":\"https:\/\/equiproject.eu\/#\/schema\/logo\/image\/\",\"url\":\"https:\/\/equiproject.eu\/wp-content\/uploads\/2025\/07\/Logo-Equi-Project-es.jpg\",\"contentUrl\":\"https:\/\/equiproject.eu\/wp-content\/uploads\/2025\/07\/Logo-Equi-Project-es.jpg\",\"width\":568,\"height\":327,\"caption\":\"Equiproject\"},\"image\":{\"@id\":\"https:\/\/equiproject.eu\/#\/schema\/logo\/image\/\"}}]}<\/script>\n<!-- \/ Yoast SEO plugin. -->","yoast_head_json":{"title":"Simona Massera Caudera - Equiproject","robots":{"index":"index","follow":"follow","max-snippet":"max-snippet:-1","max-image-preview":"max-image-preview:large","max-video-preview":"max-video-preview:-1"},"canonical":"https:\/\/equiproject.eu\/index.php\/simona-massera-caudera\/","og_locale":"it_IT","og_type":"article","og_title":"Simona Massera Caudera - Equiproject","og_url":"https:\/\/equiproject.eu\/index.php\/simona-massera-caudera\/","og_site_name":"Equiproject","article_modified_time":"2025-07-15T12:00:03+00:00","twitter_card":"summary_large_image","twitter_misc":{"Tempo di lettura stimato":"13 minuti"},"schema":{"@context":"https:\/\/schema.org","@graph":[{"@type":"WebPage","@id":"https:\/\/equiproject.eu\/index.php\/simona-massera-caudera\/","url":"https:\/\/equiproject.eu\/index.php\/simona-massera-caudera\/","name":"Simona Massera Caudera - Equiproject","isPartOf":{"@id":"https:\/\/equiproject.eu\/#website"},"datePublished":"2025-07-14T17:16:00+00:00","dateModified":"2025-07-15T12:00:03+00:00","breadcrumb":{"@id":"https:\/\/equiproject.eu\/index.php\/simona-massera-caudera\/#breadcrumb"},"inLanguage":"it-IT","potentialAction":[{"@type":"ReadAction","target":["https:\/\/equiproject.eu\/index.php\/simona-massera-caudera\/"]}]},{"@type":"BreadcrumbList","@id":"https:\/\/equiproject.eu\/index.php\/simona-massera-caudera\/#breadcrumb","itemListElement":[{"@type":"ListItem","position":1,"name":"Home","item":"https:\/\/equiproject.eu\/"},{"@type":"ListItem","position":2,"name":"Simona Massera Caudera"}]},{"@type":"WebSite","@id":"https:\/\/equiproject.eu\/#website","url":"https:\/\/equiproject.eu\/","name":"Equiproject","description":"Un futuro sostenibile, equo e inclusivo","publisher":{"@id":"https:\/\/equiproject.eu\/#organization"},"potentialAction":[{"@type":"SearchAction","target":{"@type":"EntryPoint","urlTemplate":"https:\/\/equiproject.eu\/?s={search_term_string}"},"query-input":{"@type":"PropertyValueSpecification","valueRequired":true,"valueName":"search_term_string"}}],"inLanguage":"it-IT"},{"@type":"Organization","@id":"https:\/\/equiproject.eu\/#organization","name":"Equiproject","url":"https:\/\/equiproject.eu\/","logo":{"@type":"ImageObject","inLanguage":"it-IT","@id":"https:\/\/equiproject.eu\/#\/schema\/logo\/image\/","url":"https:\/\/equiproject.eu\/wp-content\/uploads\/2025\/07\/Logo-Equi-Project-es.jpg","contentUrl":"https:\/\/equiproject.eu\/wp-content\/uploads\/2025\/07\/Logo-Equi-Project-es.jpg","width":568,"height":327,"caption":"Equiproject"},"image":{"@id":"https:\/\/equiproject.eu\/#\/schema\/logo\/image\/"}}]}},"_links":{"self":[{"href":"https:\/\/equiproject.eu\/index.php\/wp-json\/wp\/v2\/pages\/3008","targetHints":{"allow":["GET"]}}],"collection":[{"href":"https:\/\/equiproject.eu\/index.php\/wp-json\/wp\/v2\/pages"}],"about":[{"href":"https:\/\/equiproject.eu\/index.php\/wp-json\/wp\/v2\/types\/page"}],"author":[{"embeddable":true,"href":"https:\/\/equiproject.eu\/index.php\/wp-json\/wp\/v2\/users\/2"}],"replies":[{"embeddable":true,"href":"https:\/\/equiproject.eu\/index.php\/wp-json\/wp\/v2\/comments?post=3008"}],"version-history":[{"count":4,"href":"https:\/\/equiproject.eu\/index.php\/wp-json\/wp\/v2\/pages\/3008\/revisions"}],"predecessor-version":[{"id":3034,"href":"https:\/\/equiproject.eu\/index.php\/wp-json\/wp\/v2\/pages\/3008\/revisions\/3034"}],"wp:attachment":[{"href":"https:\/\/equiproject.eu\/index.php\/wp-json\/wp\/v2\/media?parent=3008"}],"curies":[{"name":"wp","href":"https:\/\/api.w.org\/{rel}","templated":true}]}}